{"id":8,"date":"2024-07-03T17:45:56","date_gmt":"2024-07-03T20:45:56","guid":{"rendered":"https:\/\/rsbiocombustiveis.com.br\/?page_id=8"},"modified":"2024-07-04T15:21:53","modified_gmt":"2024-07-04T18:21:53","slug":"quem-somos","status":"publish","type":"page","link":"https:\/\/rsbiocombustiveis.com.br\/?page_id=8","title":{"rendered":"Sobre n\u00f3s"},"content":{"rendered":"\n<p>A RS Biocombust\u00edveis \u00e9 uma empresa regularmente constitu\u00edda e registrada na Junta Comercial do Estado do Rio Grande do Sul.  Atualmente, encontra-se em fase de estrutura\u00e7\u00e3o econ\u00f4mico-financeira, com o estudo de viabilidade econ\u00f4mica j\u00e1 conclu\u00eddo.<\/p>\n\n\n\n<p>A empresa est\u00e1 em negocia\u00e7\u00e3o com investidores interessados em participar ativamente na futura implanta\u00e7\u00e3o de uma unidade de produ\u00e7\u00e3o de etanol, DDG e outros subprodutos derivados das atividades produtivas.<\/p>\n\n\n\n<p>O empreendimento est\u00e1 planejado para ser implantado no Munic\u00edpio de Palmeira das Miss\u00f5es, localizado na regi\u00e3o Noroeste do Estado do Rio Grande do Sul, caracterizada pela sua alta produ\u00e7\u00e3o de cereais e diferencial log\u00edstico.<\/p>\n\n\n\n<p>Para maiores detalhes, entre em contato.<\/p>\n","protected":false},"excerpt":{"rendered":"<p>A RS Biocombust\u00edveis \u00e9 uma empresa regularmente constitu\u00edda e registrada na Junta Comercial do Estado do Rio Grande do Sul. Atualmente, encontra-se em fase de estrutura\u00e7\u00e3o econ\u00f4mico-financeira, com o estudo de viabilidade econ\u00f4mica j\u00e1 conclu\u00eddo. A empresa est\u00e1 em negocia\u00e7\u00e3o com investidores interessados em participar ativamente na futura implanta\u00e7\u00e3o de uma unidade de produ\u00e7\u00e3o de [&hellip;]<\/p>\n","protected":false},"author":1,"featured_media":0,"parent":0,"menu_order":0,"comment_status":"closed","ping_status":"closed","template":"","meta":{"footnotes":""},"class_list":["post-8","page","type-page","status-publish","hentry"],"_links":{"self":[{"href":"https:\/\/rsbiocombustiveis.com.br\/index.php?rest_route=\/wp\/v2\/pages\/8","targetHints":{"allow":["GET"]}}],"collection":[{"href":"https:\/\/rsbiocombustiveis.com.br\/index.php?rest_route=\/wp\/v2\/pages"}],"about":[{"href":"https:\/\/rsbiocombustiveis.com.br\/index.php?rest_route=\/wp\/v2\/types\/page"}],"author":[{"embeddable":true,"href":"https:\/\/rsbiocombustiveis.com.br\/index.php?rest_route=\/wp\/v2\/users\/1"}],"replies":[{"embeddable":true,"href":"https:\/\/rsbiocombustiveis.com.br\/index.php?rest_route=%2Fwp%2Fv2%2Fcomments&post=8"}],"version-history":[{"count":4,"href":"https:\/\/rsbiocombustiveis.com.br\/index.php?rest_route=\/wp\/v2\/pages\/8\/revisions"}],"predecessor-version":[{"id":41,"href":"https:\/\/rsbiocombustiveis.com.br\/index.php?rest_route=\/wp\/v2\/pages\/8\/revisions\/41"}],"wp:attachment":[{"href":"https:\/\/rsbiocombustiveis.com.br\/index.php?rest_route=%2Fwp%2Fv2%2Fmedia&parent=8"}],"curies":[{"name":"wp","href":"https:\/\/api.w.org\/{rel}","templated":true}]}}